{"id":9,"date":"2018-03-21T13:42:22","date_gmt":"2018-03-21T13:42:22","guid":{"rendered":"https:\/\/www.joaquinlois.com\/organo-catedral-segovia\/?page_id=9"},"modified":"2018-03-21T13:42:22","modified_gmt":"2018-03-21T13:42:22","slug":"contacto","status":"publish","type":"page","link":"https:\/\/www.joaquinlois.com\/organo-nava-del-rey\/contacto\/","title":{"rendered":"Contacto"},"content":{"rendered":"<p>Esta es una p\u00e1gina con informaci\u00f3n de contacto b\u00e1sica, como direcci\u00f3n y n\u00famero de tel\u00e9fono. Incluso puedes probar un plugin para a\u00f1adir un formulario de contacto.<\/p>\n","protected":false},"excerpt":{"rendered":"<p>Esta es una p\u00e1gina con informaci\u00f3n de contacto b\u00e1sica, como direcci\u00f3n y n\u00famero de tel\u00e9fono. Incluso puedes probar un plugin para a\u00f1adir un formulario de contacto.<\/p>\n","protected":false},"author":1,"featured_media":34,"parent":0,"menu_order":0,"comment_status":"closed","ping_status":"closed","template":"","meta":{"_acf_changed":false,"footnotes":""},"class_list":["post-9","page","type-page","status-publish","has-post-thumbnail","hentry"],"acf":[],"yoast_head":"<!-- This site is optimized with the Yoast SEO plugin v27.3 - https:\/\/yoast.com\/product\/yoast-seo-wordpress\/ -->\n<title>Contacto - Restauraci\u00f3n del \u00f3rgano de Nava del Rey<\/title>\n<meta name=\"robots\" content=\"noindex, follow, max-snippet:-1, max-image-preview:large, max-video-preview:-1\" \/>\n<meta property=\"og:locale\" content=\"es_ES\" \/>\n<meta property=\"og:type\" content=\"article\" \/>\n<meta property=\"og:title\" content=\"Contacto - Restauraci\u00f3n del \u00f3rgano de Nava del Rey\" \/>\n<meta property=\"og:description\" content=\"Esta es una p\u00e1gina con informaci\u00f3n de contacto b\u00e1sica, como direcci\u00f3n y n\u00famero de tel\u00e9fono. Incluso puedes probar un plugin para a\u00f1adir un formulario de contacto.\" \/>\n<meta property=\"og:url\" content=\"https:\/\/www.joaquinlois.com\/organo-nava-del-rey\/contacto\/\" \/>\n<meta property=\"og:site_name\" content=\"Restauraci\u00f3n del \u00f3rgano de Nava del Rey\" \/>\n<meta name=\"twitter:card\" content=\"summary_large_image\" \/>\n<script type=\"application\/ld+json\" class=\"yoast-schema-graph\">{\"@context\":\"https:\\\/\\\/schema.org\",\"@graph\":[{\"@type\":\"WebPage\",\"@id\":\"https:\\\/\\\/www.joaquinlois.com\\\/organo-nava-del-rey\\\/contacto\\\/\",\"url\":\"https:\\\/\\\/www.joaquinlois.com\\\/organo-nava-del-rey\\\/contacto\\\/\",\"name\":\"Contacto - Restauraci\u00f3n del \u00f3rgano de Nava del Rey\",\"isPartOf\":{\"@id\":\"https:\\\/\\\/www.joaquinlois.com\\\/organo-nava-del-rey\\\/#website\"},\"primaryImageOfPage\":{\"@id\":\"https:\\\/\\\/www.joaquinlois.com\\\/organo-nava-del-rey\\\/contacto\\\/#primaryimage\"},\"image\":{\"@id\":\"https:\\\/\\\/www.joaquinlois.com\\\/organo-nava-del-rey\\\/contacto\\\/#primaryimage\"},\"thumbnailUrl\":\"\",\"datePublished\":\"2018-03-21T13:42:22+00:00\",\"inLanguage\":\"es\",\"potentialAction\":[{\"@type\":\"ReadAction\",\"target\":[\"https:\\\/\\\/www.joaquinlois.com\\\/organo-nava-del-rey\\\/contacto\\\/\"]}]},{\"@type\":\"ImageObject\",\"inLanguage\":\"es\",\"@id\":\"https:\\\/\\\/www.joaquinlois.com\\\/organo-nava-del-rey\\\/contacto\\\/#primaryimage\",\"url\":\"\",\"contentUrl\":\"\"},{\"@type\":\"WebSite\",\"@id\":\"https:\\\/\\\/www.joaquinlois.com\\\/organo-nava-del-rey\\\/#website\",\"url\":\"https:\\\/\\\/www.joaquinlois.com\\\/organo-nava-del-rey\\\/\",\"name\":\"Restauraci\u00f3n del \u00f3rgano de Nava del Rey\",\"description\":\"Restauraci\u00f3n realizada por el taller de organer\u00eda Joaqu\u00edn Lois\",\"potentialAction\":[{\"@type\":\"SearchAction\",\"target\":{\"@type\":\"EntryPoint\",\"urlTemplate\":\"https:\\\/\\\/www.joaquinlois.com\\\/organo-nava-del-rey\\\/?s={search_term_string}\"},\"query-input\":{\"@type\":\"PropertyValueSpecification\",\"valueRequired\":true,\"valueName\":\"search_term_string\"}}],\"inLanguage\":\"es\"}]}<\/script>\n<!-- \/ Yoast SEO plugin. -->","yoast_head_json":{"title":"Contacto - Restauraci\u00f3n del \u00f3rgano de Nava del Rey","robots":{"index":"noindex","follow":"follow","max-snippet":"max-snippet:-1","max-image-preview":"max-image-preview:large","max-video-preview":"max-video-preview:-1"},"og_locale":"es_ES","og_type":"article","og_title":"Contacto - Restauraci\u00f3n del \u00f3rgano de Nava del Rey","og_description":"Esta es una p\u00e1gina con informaci\u00f3n de contacto b\u00e1sica, como direcci\u00f3n y n\u00famero de tel\u00e9fono. Incluso puedes probar un plugin para a\u00f1adir un formulario de contacto.","og_url":"https:\/\/www.joaquinlois.com\/organo-nava-del-rey\/contacto\/","og_site_name":"Restauraci\u00f3n del \u00f3rgano de Nava del Rey","twitter_card":"summary_large_image","schema":{"@context":"https:\/\/schema.org","@graph":[{"@type":"WebPage","@id":"https:\/\/www.joaquinlois.com\/organo-nava-del-rey\/contacto\/","url":"https:\/\/www.joaquinlois.com\/organo-nava-del-rey\/contacto\/","name":"Contacto - Restauraci\u00f3n del \u00f3rgano de Nava del Rey","isPartOf":{"@id":"https:\/\/www.joaquinlois.com\/organo-nava-del-rey\/#website"},"primaryImageOfPage":{"@id":"https:\/\/www.joaquinlois.com\/organo-nava-del-rey\/contacto\/#primaryimage"},"image":{"@id":"https:\/\/www.joaquinlois.com\/organo-nava-del-rey\/contacto\/#primaryimage"},"thumbnailUrl":"","datePublished":"2018-03-21T13:42:22+00:00","inLanguage":"es","potentialAction":[{"@type":"ReadAction","target":["https:\/\/www.joaquinlois.com\/organo-nava-del-rey\/contacto\/"]}]},{"@type":"ImageObject","inLanguage":"es","@id":"https:\/\/www.joaquinlois.com\/organo-nava-del-rey\/contacto\/#primaryimage","url":"","contentUrl":""},{"@type":"WebSite","@id":"https:\/\/www.joaquinlois.com\/organo-nava-del-rey\/#website","url":"https:\/\/www.joaquinlois.com\/organo-nava-del-rey\/","name":"Restauraci\u00f3n del \u00f3rgano de Nava del Rey","description":"Restauraci\u00f3n realizada por el taller de organer\u00eda Joaqu\u00edn Lois","potentialAction":[{"@type":"SearchAction","target":{"@type":"EntryPoint","urlTemplate":"https:\/\/www.joaquinlois.com\/organo-nava-del-rey\/?s={search_term_string}"},"query-input":{"@type":"PropertyValueSpecification","valueRequired":true,"valueName":"search_term_string"}}],"inLanguage":"es"}]}},"_links":{"self":[{"href":"https:\/\/www.joaquinlois.com\/organo-nava-del-rey\/wp-json\/wp\/v2\/pages\/9","targetHints":{"allow":["GET"]}}],"collection":[{"href":"https:\/\/www.joaquinlois.com\/organo-nava-del-rey\/wp-json\/wp\/v2\/pages"}],"about":[{"href":"https:\/\/www.joaquinlois.com\/organo-nava-del-rey\/wp-json\/wp\/v2\/types\/page"}],"author":[{"embeddable":true,"href":"https:\/\/www.joaquinlois.com\/organo-nava-del-rey\/wp-json\/wp\/v2\/users\/1"}],"replies":[{"embeddable":true,"href":"https:\/\/www.joaquinlois.com\/organo-nava-del-rey\/wp-json\/wp\/v2\/comments?post=9"}],"version-history":[{"count":0,"href":"https:\/\/www.joaquinlois.com\/organo-nava-del-rey\/wp-json\/wp\/v2\/pages\/9\/revisions"}],"wp:featuredmedia":[{"embeddable":true,"href":"https:\/\/www.joaquinlois.com\/organo-nava-del-rey\/wp-json\/"}],"wp:attachment":[{"href":"https:\/\/www.joaquinlois.com\/organo-nava-del-rey\/wp-json\/wp\/v2\/media?parent=9"}],"curies":[{"name":"wp","href":"https:\/\/api.w.org\/{rel}","templated":true}]}}