{"id":8,"date":"2018-03-21T13:42:22","date_gmt":"2018-03-21T13:42:22","guid":{"rendered":"https:\/\/www.joaquinlois.com\/organo-catedral-segovia\/?page_id=8"},"modified":"2023-01-30T11:44:29","modified_gmt":"2023-01-30T11:44:29","slug":"historia","status":"publish","type":"page","link":"https:\/\/www.joaquinlois.com\/catedral-granada\/historia\/","title":{"rendered":"Historia"},"content":{"rendered":"\n<blockquote class=\"wp-block-quote is-layout-flow wp-block-quote-is-layout-flow\">\n<p>Se trata de un instrumento construido en 1744 por Leonardo Fern\u00e1ndez D\u00e1vila y con el del Evangelio conforma uno de los conjuntos m\u00e1s importantes de la organer\u00eda barroca en la pen\u00ednsula.<\/p>\n<\/blockquote>\n\n\n\n<p>Hay constancia de la fecha y constructor en datos documentales ya que hasta ahora no hemos encontrado inscripciones en el \u00f3rgano.<\/p>\n\n\n\n<p>Est\u00e1 situado en la tribuna sur del coro central de la catedral bajo el arco m\u00e1s pr\u00f3ximo al crucero y tiene enfrente el \u00f3rgano de mueble gemelo.<\/p>\n\n\n\n<blockquote class=\"wp-block-quote is-layout-flow wp-block-quote-is-layout-flow\">\n<p>La relevancia del instrumento y del mueble trasciende el panorama del patrimonio organ\u00edstico de la ciudad de Granada y de la pen\u00ednsula Ib\u00e9rica ya que se trata de uno de los grandes \u00f3rganos construidos en el siglo XVIII y emblem\u00e1ticos del estilo barroco ib\u00e9rico siendo \u00e9ste el estilo identificativo de Espa\u00f1a en el conjunto de los \u00f3rganos hist\u00f3ricos de todo el mundo.<\/p>\n<\/blockquote>\n\n\n\n<p>Su importancia se puede sustentar en varios aspectos fundamentales.<\/p>\n\n\n\n<ul class=\"wp-block-list\">\n<li>El momento hist\u00f3rico y la <strong>pureza estil\u00edstica<\/strong> ya que pertenece al periodo de auge del \u00f3rgano barroco ib\u00e9rico<\/li>\n\n\n\n<li>El autor, Leonardo Fern\u00e1ndez D\u00e1vila constituye el eje de <strong>una de las escuelas m\u00e1s importantes de la pen\u00ednsula en el siglo XVIII<\/strong><\/li>\n\n\n\n<li>Las dimensiones del instrumento que plasma las m\u00e1s altas cotas t\u00e9cnicas y est\u00e9ticas de su art\u00edfice<\/li>\n\n\n\n<li><strong>La categor\u00eda art\u00edstica del mueble<\/strong> y el conjunto que conforma junto al del Evangelio<\/li>\n\n\n\n<li>Por \u00faltimo su <strong>estado de conservaci\u00f3n muy pr\u00f3ximo a su concepci\u00f3n original<\/strong> frente a los \u00f3rganos que siendo de similar categor\u00eda perdieron su esencia con reformas irreversibles como es el caso del \u00f3rgano del Evangelio de \u00e9sta catedral de Granada.<\/li>\n<\/ul>\n\n\n\n<p>La documentaci\u00f3n existente actualmente es la referida a los pre\u00e1mbulos, construcci\u00f3n y posteriores reformas del \u00f3rgano entre 1743 y 1874.*<\/p>\n\n\n\n<p>A\u00fan siendo abundante quedan muchas inc\u00f3gnitas sin aclarar en la dilatada historia de los \u00f3rganos Catedralicios.<\/p>\n\n\n\n<p>Es dif\u00edcil identificar todo el alcance de estas intervenciones con precisi\u00f3n y se completar\u00e1 con la informaci\u00f3n que nos ofrezca el propio \u00f3rgano al desmontarlo y cotejada con la informaci\u00f3n documental.<br>En el proceso previo a la restauraci\u00f3n ser\u00e1 necesario insistir en la b\u00fasqueda de m\u00e1s documentaci\u00f3n hist\u00f3rica, as\u00ed como la referida a otros \u00f3rganos de Leonardo Fern\u00e1ndez D\u00e1vila y su escuela.<\/p>\n\n\n\n<p><strong>Se har\u00e1 nuevo estudio de todos los elementos del \u00f3rgano de la Ep\u00edstola, as\u00ed como del Evangelio por todos los elementos que se conservan del \u00f3rgano de origen y que dar\u00e1n dar luz sobre algunas cuestiones.<\/strong><\/p>\n\n\n\n<p><br><\/p>\n\n\n\n<hr class=\"wp-block-separator has-css-opacity\"\/>\n\n\n\n<div class=\"wp-block-columns is-layout-flex wp-container-core-columns-is-layout-9d6595d7 wp-block-columns-is-layout-flex\">\n<div class=\"wp-block-column is-layout-flow wp-block-column-is-layout-flow\" style=\"flex-basis:66.66%\">\n<h2 class=\"has-text-align-center wp-block-heading\">CRONOLOG\u00cdA<br>HIST\u00d3RICA<\/h2>\n\n\n\n<h4 class=\"has-text-align-center wp-block-heading\">1746<\/h4>\n\n\n\n<p class=\"has-text-align-center\">Se finaliza el \u00f3rgano de La Ep\u00edstola. L. Fdez. D\u00e1vila<\/p>\n\n\n\n<h4 class=\"has-text-align-center wp-block-heading\">1749<\/h4>\n\n\n\n<p class=\"has-text-align-center\">Se acaba el \u00f3rgano del Evangelio. . L. Fdez. D\u00e1vila<\/p>\n\n\n\n<h4 class=\"has-text-align-center wp-block-heading\">1766<\/h4>\n\n\n\n<p class=\"has-text-align-center\">Reforma de los \u00f3rganos por L. Fdez. D\u00e1vila y se publica la descripci\u00f3n de los dos \u00f3rganos.<\/p>\n\n\n\n<h4 class=\"has-text-align-center wp-block-heading\">1777<\/h4>\n\n\n\n<p class=\"has-text-align-center\">Reparaci\u00f3n. Adici\u00f3n de tres registros. Juan Antonio Hidalgo<\/p>\n\n\n\n<h4 class=\"has-text-align-center wp-block-heading\">1791<\/h4>\n\n\n\n<p class=\"has-text-align-center\">Reparaci\u00f3n general. Juan Antonio Hidalgo<\/p>\n\n\n\n<h4 class=\"has-text-align-center wp-block-heading\">1808<\/h4>\n\n\n\n<p class=\"has-text-align-center\">Mantenimiento. Juan Lozano<\/p>\n\n\n\n<h4 class=\"has-text-align-center wp-block-heading\">1814<\/h4>\n\n\n\n<p class=\"has-text-align-center\">Manubrio o Cig\u00fce\u00f1al<\/p>\n\n\n\n<h4 class=\"has-text-align-center wp-block-heading\">1824<\/h4>\n\n\n\n<p class=\"has-text-align-center\">Supresi\u00f3n del manubrio<\/p>\n\n\n\n<h4 class=\"has-text-align-center wp-block-heading\">1829<\/h4>\n\n\n\n<p class=\"has-text-align-center\">Mantenimiento y tubos que faltaban. Miguel Lozano<\/p>\n\n\n\n<h4 class=\"has-text-align-center wp-block-heading\">1838<\/h4>\n\n\n\n<p class=\"has-text-align-center\">Mantenimiento. Miguel Lozano<\/p>\n\n\n\n<h4 class=\"has-text-align-center wp-block-heading\">1850<\/h4>\n\n\n\n<p class=\"has-text-align-center\">Mantenimiento. Reparaci\u00f3n de tuber\u00eda. Miguel Lozano<\/p>\n\n\n\n<h4 class=\"has-text-align-center wp-block-heading\">1894<\/h4>\n\n\n\n<p class=\"has-text-align-center\">Reforma del instrumento. Aquiles Ghys.<br>Instalaci\u00f3n de un teclado expresivo en la parte superior de la caja.<\/p>\n\n\n\n<h4 class=\"has-text-align-center wp-block-heading\">1909<\/h4>\n\n\n\n<p class=\"has-text-align-center\">Fuelles, Bombarda y mantenimiento. Pedro Ghys.<\/p>\n\n\n\n<h4 class=\"has-text-align-center wp-block-heading\">1917<\/h4>\n\n\n\n<p class=\"has-text-align-center\">Ventilador el\u00e9ctrico<\/p>\n\n\n\n<h4 class=\"has-text-align-center wp-block-heading\">1918<\/h4>\n\n\n\n<p class=\"has-text-align-center\">Mantenimiento. Pedro Ghys<\/p>\n\n\n\n<h4 class=\"has-text-align-center wp-block-heading\">1950<\/h4>\n\n\n\n<p class=\"has-text-align-center\">Importante reparaci\u00f3n. Pedro Ghys?<\/p>\n\n\n\n<h4 class=\"has-text-align-center wp-block-heading\">1971<\/h4>\n\n\n\n<p class=\"has-text-align-center\">ORGANER\u00cdA ESPA\u00d1OLA S. A.<br>Recuperaci\u00f3n del car\u00e1cter barroco del instrumento.<br>Sustituci\u00f3n de teclados.<br>Recuperaci\u00f3n de la cadereta interior.<br>Desmantelamiento del teclado expresivo.<\/p>\n\n\n\n<p class=\"has-text-align-center\">No conocemos proyecto ni informe de la intervenci\u00f3n de Organer\u00eda Espa\u00f1ola en el \u00f3rgano de la Ep\u00edstola de la catedral de Granada.<\/p>\n\n\n\n<h4 class=\"has-text-align-center wp-block-heading\">2022<\/h4>\n\n\n\n<p class=\"has-text-align-center\"><strong>Contrato de restauraci\u00f3n por el taller organer\u00eda de Joaqu\u00edn Lois.<\/strong><\/p>\n<\/div>\n\n\n\n<div class=\"wp-block-column is-layout-flow wp-block-column-is-layout-flow\" style=\"flex-basis:33.33%\">\n<figure class=\"wp-block-gallery has-nested-images columns-1 is-cropped wp-block-gallery-1 is-layout-flex wp-block-gallery-is-layout-flex\">\n<figure class=\"wp-block-image size-large\"><a href=\"https:\/\/www.joaquinlois.com\/catedral-granada\/wp-content\/uploads\/sites\/3\/2022\/05\/IMG_9486_1.jpg\"><img loading=\"lazy\" decoding=\"async\" width=\"1200\" height=\"827\" data-attachment-id=\"2892\" data-permalink=\"https:\/\/www.joaquinlois.com\/catedral-granada\/mueble-antes-de-la-restauracion\/img_9486_1\/\" data-orig-file=\"https:\/\/www.joaquinlois.com\/catedral-granada\/wp-content\/uploads\/sites\/3\/2022\/05\/IMG_9486_1.jpg\" data-orig-size=\"1200,827\" data-comments-opened=\"0\" data-image-meta=\"{&quot;aperture&quot;:&quot;0&quot;,&quot;credit&quot;:&quot;&quot;,&quot;camera&quot;:&quot;&quot;,&quot;caption&quot;:&quot;&quot;,&quot;created_timestamp&quot;:&quot;0&quot;,&quot;copyright&quot;:&quot;&quot;,&quot;focal_length&quot;:&quot;0&quot;,&quot;iso&quot;:&quot;0&quot;,&quot;shutter_speed&quot;:&quot;0&quot;,&quot;title&quot;:&quot;&quot;,&quot;orientation&quot;:&quot;0&quot;,&quot;lens&quot;:&quot;&quot;}\" data-image-title=\"IMG_9486_1\" data-image-description=\"\" data-image-caption=\"\" data-medium-file=\"https:\/\/www.joaquinlois.com\/catedral-granada\/wp-content\/uploads\/sites\/3\/2022\/05\/IMG_9486_1-500x345.jpg\" data-large-file=\"https:\/\/www.joaquinlois.com\/catedral-granada\/wp-content\/uploads\/sites\/3\/2022\/05\/IMG_9486_1-1024x706.jpg\" data-id=\"2892\" src=\"https:\/\/www.joaquinlois.com\/catedral-granada\/wp-content\/uploads\/sites\/3\/2022\/05\/IMG_9486_1.jpg\" alt=\"\" class=\"wp-image-2892\" srcset=\"https:\/\/www.joaquinlois.com\/catedral-granada\/wp-content\/uploads\/sites\/3\/2022\/05\/IMG_9486_1.jpg 1200w, https:\/\/www.joaquinlois.com\/catedral-granada\/wp-content\/uploads\/sites\/3\/2022\/05\/IMG_9486_1-500x345.jpg 500w, https:\/\/www.joaquinlois.com\/catedral-granada\/wp-content\/uploads\/sites\/3\/2022\/05\/IMG_9486_1-1024x706.jpg 1024w, https:\/\/www.joaquinlois.com\/catedral-granada\/wp-content\/uploads\/sites\/3\/2022\/05\/IMG_9486_1-768x529.jpg 768w\" sizes=\"auto, (max-width: 1200px) 100vw, 1200px\" \/><\/a><\/figure>\n\n\n\n<figure class=\"wp-block-image size-large\"><a href=\"https:\/\/www.joaquinlois.com\/catedral-granada\/wp-content\/uploads\/sites\/3\/2022\/07\/proyecto.jpg\"><img loading=\"lazy\" decoding=\"async\" width=\"919\" height=\"1300\" data-attachment-id=\"3019\" data-permalink=\"https:\/\/www.joaquinlois.com\/catedral-granada\/inicio\/proyecto-2\/\" data-orig-file=\"https:\/\/www.joaquinlois.com\/catedral-granada\/wp-content\/uploads\/sites\/3\/2022\/07\/proyecto.jpg\" data-orig-size=\"919,1300\" data-comments-opened=\"0\" data-image-meta=\"{&quot;aperture&quot;:&quot;0&quot;,&quot;credit&quot;:&quot;&quot;,&quot;camera&quot;:&quot;&quot;,&quot;caption&quot;:&quot;&quot;,&quot;created_timestamp&quot;:&quot;0&quot;,&quot;copyright&quot;:&quot;&quot;,&quot;focal_length&quot;:&quot;0&quot;,&quot;iso&quot;:&quot;0&quot;,&quot;shutter_speed&quot;:&quot;0&quot;,&quot;title&quot;:&quot;&quot;,&quot;orientation&quot;:&quot;0&quot;,&quot;lens&quot;:&quot;&quot;}\" data-image-title=\"proyecto\" data-image-description=\"\" data-image-caption=\"\" data-medium-file=\"https:\/\/www.joaquinlois.com\/catedral-granada\/wp-content\/uploads\/sites\/3\/2022\/07\/proyecto-353x500.jpg\" data-large-file=\"https:\/\/www.joaquinlois.com\/catedral-granada\/wp-content\/uploads\/sites\/3\/2022\/07\/proyecto-724x1024.jpg\" data-id=\"3019\" src=\"https:\/\/www.joaquinlois.com\/catedral-granada\/wp-content\/uploads\/sites\/3\/2022\/07\/proyecto.jpg\" alt=\"\" class=\"wp-image-3019\" srcset=\"https:\/\/www.joaquinlois.com\/catedral-granada\/wp-content\/uploads\/sites\/3\/2022\/07\/proyecto.jpg 919w, https:\/\/www.joaquinlois.com\/catedral-granada\/wp-content\/uploads\/sites\/3\/2022\/07\/proyecto-353x500.jpg 353w, https:\/\/www.joaquinlois.com\/catedral-granada\/wp-content\/uploads\/sites\/3\/2022\/07\/proyecto-724x1024.jpg 724w, https:\/\/www.joaquinlois.com\/catedral-granada\/wp-content\/uploads\/sites\/3\/2022\/07\/proyecto-768x1086.jpg 768w\" sizes=\"auto, (max-width: 919px) 100vw, 919px\" \/><\/a><\/figure>\n<\/figure>\n<\/div>\n<\/div>\n\n\n\n<p><\/p>\n","protected":false},"excerpt":{"rendered":"<p>Se trata de un instrumento construido en 1744 por Leonardo Fern\u00e1ndez D\u00e1vila y con el del Evangelio conforma uno de los conjuntos m\u00e1s importantes de la organer\u00eda barroca en la pen\u00ednsula. Hay constancia de la fecha y constructor en datos documentales ya que hasta ahora no hemos encontrado inscripciones en el \u00f3rgano. Est\u00e1 situado en [&hellip;]<\/p>\n","protected":false},"author":1,"featured_media":2892,"parent":0,"menu_order":0,"comment_status":"closed","ping_status":"closed","template":"","meta":{"_acf_changed":false,"footnotes":""},"class_list":["post-8","page","type-page","status-publish","has-post-thumbnail","hentry"],"acf":[],"yoast_head":"<!-- This site is optimized with the Yoast SEO plugin v27.3 - https:\/\/yoast.com\/product\/yoast-seo-wordpress\/ -->\n<title>Historia del \u00f3rgano de la ep\u00edstola de la Catedral de Granada<\/title>\n<meta name=\"description\" content=\"Se trata de uno de los grandes \u00f3rganos que representan el c\u00e9nit en la evoluci\u00f3n del \u00f3rgano barroco en Espa\u00f1a.\" \/>\n<meta name=\"robots\" content=\"index, follow, max-snippet:-1, max-image-preview:large, max-video-preview:-1\" \/>\n<link rel=\"canonical\" href=\"https:\/\/www.joaquinlois.com\/catedral-granada\/historia\/\" \/>\n<meta property=\"og:locale\" content=\"es_ES\" \/>\n<meta property=\"og:type\" content=\"article\" \/>\n<meta property=\"og:title\" content=\"Historia del \u00f3rgano de la ep\u00edstola de la Catedral de Granada | Taller de organer\u00eda Joaqu\u00edn Lois\" \/>\n<meta property=\"og:description\" content=\"Se trata de uno de los grandes \u00f3rganos que representan el c\u00e9nit en la evoluci\u00f3n del \u00f3rgano barroco en Espa\u00f1a.\" \/>\n<meta property=\"og:url\" content=\"https:\/\/www.joaquinlois.com\/catedral-granada\/historia\/\" \/>\n<meta property=\"og:site_name\" content=\"\u00d3rgano de la ep\u00edstola de la Catedral de Granada\" \/>\n<meta property=\"article:publisher\" content=\"https:\/\/www.facebook.com\/joaquinlois\" \/>\n<meta property=\"article:modified_time\" content=\"2023-01-30T11:44:29+00:00\" \/>\n<meta property=\"og:image\" content=\"https:\/\/www.joaquinlois.com\/catedral-granada\/wp-content\/uploads\/sites\/3\/2022\/05\/IMG_9486_1.jpg\" \/>\n\t<meta property=\"og:image:width\" content=\"1200\" \/>\n\t<meta property=\"og:image:height\" content=\"827\" \/>\n\t<meta property=\"og:image:type\" content=\"image\/jpeg\" \/>\n<meta name=\"twitter:card\" content=\"summary_large_image\" \/>\n<meta name=\"twitter:label1\" content=\"Tiempo de lectura\" \/>\n\t<meta name=\"twitter:data1\" content=\"4 minutos\" \/>\n<script type=\"application\/ld+json\" class=\"yoast-schema-graph\">{\"@context\":\"https:\\\/\\\/schema.org\",\"@graph\":[{\"@type\":\"WebPage\",\"@id\":\"https:\\\/\\\/www.joaquinlois.com\\\/catedral-granada\\\/historia\\\/\",\"url\":\"https:\\\/\\\/www.joaquinlois.com\\\/catedral-granada\\\/historia\\\/\",\"name\":\"Historia del \u00f3rgano de la ep\u00edstola de la Catedral de Granada\",\"isPartOf\":{\"@id\":\"https:\\\/\\\/www.joaquinlois.com\\\/catedral-granada\\\/#website\"},\"primaryImageOfPage\":{\"@id\":\"https:\\\/\\\/www.joaquinlois.com\\\/catedral-granada\\\/historia\\\/#primaryimage\"},\"image\":{\"@id\":\"https:\\\/\\\/www.joaquinlois.com\\\/catedral-granada\\\/historia\\\/#primaryimage\"},\"thumbnailUrl\":\"https:\\\/\\\/www.joaquinlois.com\\\/catedral-granada\\\/wp-content\\\/uploads\\\/sites\\\/3\\\/2022\\\/05\\\/IMG_9486_1.jpg\",\"datePublished\":\"2018-03-21T13:42:22+00:00\",\"dateModified\":\"2023-01-30T11:44:29+00:00\",\"description\":\"Se trata de uno de los grandes \u00f3rganos que representan el c\u00e9nit en la evoluci\u00f3n del \u00f3rgano barroco en Espa\u00f1a.\",\"inLanguage\":\"es\",\"potentialAction\":[{\"@type\":\"ReadAction\",\"target\":[\"https:\\\/\\\/www.joaquinlois.com\\\/catedral-granada\\\/historia\\\/\"]}]},{\"@type\":\"ImageObject\",\"inLanguage\":\"es\",\"@id\":\"https:\\\/\\\/www.joaquinlois.com\\\/catedral-granada\\\/historia\\\/#primaryimage\",\"url\":\"https:\\\/\\\/www.joaquinlois.com\\\/catedral-granada\\\/wp-content\\\/uploads\\\/sites\\\/3\\\/2022\\\/05\\\/IMG_9486_1.jpg\",\"contentUrl\":\"https:\\\/\\\/www.joaquinlois.com\\\/catedral-granada\\\/wp-content\\\/uploads\\\/sites\\\/3\\\/2022\\\/05\\\/IMG_9486_1.jpg\",\"width\":1200,\"height\":827},{\"@type\":\"WebSite\",\"@id\":\"https:\\\/\\\/www.joaquinlois.com\\\/catedral-granada\\\/#website\",\"url\":\"https:\\\/\\\/www.joaquinlois.com\\\/catedral-granada\\\/\",\"name\":\"\u00d3tgano de la ep\u00edstola de la catedral de Granada\",\"description\":\"Restauraci\u00f3n en curso por el taller de organer\u00eca de Joaqu\u00edn Lois\",\"publisher\":{\"@id\":\"https:\\\/\\\/www.joaquinlois.com\\\/catedral-granada\\\/#organization\"},\"potentialAction\":[{\"@type\":\"SearchAction\",\"target\":{\"@type\":\"EntryPoint\",\"urlTemplate\":\"https:\\\/\\\/www.joaquinlois.com\\\/catedral-granada\\\/?s={search_term_string}\"},\"query-input\":{\"@type\":\"PropertyValueSpecification\",\"valueRequired\":true,\"valueName\":\"search_term_string\"}}],\"inLanguage\":\"es\"},{\"@type\":\"Organization\",\"@id\":\"https:\\\/\\\/www.joaquinlois.com\\\/catedral-granada\\\/#organization\",\"name\":\"Joaqu\u00edn Lois - Organero\",\"url\":\"https:\\\/\\\/www.joaquinlois.com\\\/catedral-granada\\\/\",\"logo\":{\"@type\":\"ImageObject\",\"inLanguage\":\"es\",\"@id\":\"https:\\\/\\\/www.joaquinlois.com\\\/catedral-granada\\\/#\\\/schema\\\/logo\\\/image\\\/\",\"url\":\"https:\\\/\\\/www.joaquinlois.com\\\/catedral-granada\\\/wp-content\\\/uploads\\\/sites\\\/3\\\/2023\\\/01\\\/Joaquin-Lois-Organero.jpg\",\"contentUrl\":\"https:\\\/\\\/www.joaquinlois.com\\\/catedral-granada\\\/wp-content\\\/uploads\\\/sites\\\/3\\\/2023\\\/01\\\/Joaquin-Lois-Organero.jpg\",\"width\":667,\"height\":667,\"caption\":\"Joaqu\u00edn Lois - Organero\"},\"image\":{\"@id\":\"https:\\\/\\\/www.joaquinlois.com\\\/catedral-granada\\\/#\\\/schema\\\/logo\\\/image\\\/\"},\"sameAs\":[\"https:\\\/\\\/www.facebook.com\\\/joaquinlois\"]}]}<\/script>\n<!-- \/ Yoast SEO plugin. -->","yoast_head_json":{"title":"Historia del \u00f3rgano de la ep\u00edstola de la Catedral de Granada","description":"Se trata de uno de los grandes \u00f3rganos que representan el c\u00e9nit en la evoluci\u00f3n del \u00f3rgano barroco en Espa\u00f1a.","robots":{"index":"index","follow":"follow","max-snippet":"max-snippet:-1","max-image-preview":"max-image-preview:large","max-video-preview":"max-video-preview:-1"},"canonical":"https:\/\/www.joaquinlois.com\/catedral-granada\/historia\/","og_locale":"es_ES","og_type":"article","og_title":"Historia del \u00f3rgano de la ep\u00edstola de la Catedral de Granada | Taller de organer\u00eda Joaqu\u00edn Lois","og_description":"Se trata de uno de los grandes \u00f3rganos que representan el c\u00e9nit en la evoluci\u00f3n del \u00f3rgano barroco en Espa\u00f1a.","og_url":"https:\/\/www.joaquinlois.com\/catedral-granada\/historia\/","og_site_name":"\u00d3rgano de la ep\u00edstola de la Catedral de Granada","article_publisher":"https:\/\/www.facebook.com\/joaquinlois","article_modified_time":"2023-01-30T11:44:29+00:00","og_image":[{"width":1200,"height":827,"url":"https:\/\/www.joaquinlois.com\/catedral-granada\/wp-content\/uploads\/sites\/3\/2022\/05\/IMG_9486_1.jpg","type":"image\/jpeg"}],"twitter_card":"summary_large_image","twitter_misc":{"Tiempo de lectura":"4 minutos"},"schema":{"@context":"https:\/\/schema.org","@graph":[{"@type":"WebPage","@id":"https:\/\/www.joaquinlois.com\/catedral-granada\/historia\/","url":"https:\/\/www.joaquinlois.com\/catedral-granada\/historia\/","name":"Historia del \u00f3rgano de la ep\u00edstola de la Catedral de Granada","isPartOf":{"@id":"https:\/\/www.joaquinlois.com\/catedral-granada\/#website"},"primaryImageOfPage":{"@id":"https:\/\/www.joaquinlois.com\/catedral-granada\/historia\/#primaryimage"},"image":{"@id":"https:\/\/www.joaquinlois.com\/catedral-granada\/historia\/#primaryimage"},"thumbnailUrl":"https:\/\/www.joaquinlois.com\/catedral-granada\/wp-content\/uploads\/sites\/3\/2022\/05\/IMG_9486_1.jpg","datePublished":"2018-03-21T13:42:22+00:00","dateModified":"2023-01-30T11:44:29+00:00","description":"Se trata de uno de los grandes \u00f3rganos que representan el c\u00e9nit en la evoluci\u00f3n del \u00f3rgano barroco en Espa\u00f1a.","inLanguage":"es","potentialAction":[{"@type":"ReadAction","target":["https:\/\/www.joaquinlois.com\/catedral-granada\/historia\/"]}]},{"@type":"ImageObject","inLanguage":"es","@id":"https:\/\/www.joaquinlois.com\/catedral-granada\/historia\/#primaryimage","url":"https:\/\/www.joaquinlois.com\/catedral-granada\/wp-content\/uploads\/sites\/3\/2022\/05\/IMG_9486_1.jpg","contentUrl":"https:\/\/www.joaquinlois.com\/catedral-granada\/wp-content\/uploads\/sites\/3\/2022\/05\/IMG_9486_1.jpg","width":1200,"height":827},{"@type":"WebSite","@id":"https:\/\/www.joaquinlois.com\/catedral-granada\/#website","url":"https:\/\/www.joaquinlois.com\/catedral-granada\/","name":"\u00d3tgano de la ep\u00edstola de la catedral de Granada","description":"Restauraci\u00f3n en curso por el taller de organer\u00eca de Joaqu\u00edn Lois","publisher":{"@id":"https:\/\/www.joaquinlois.com\/catedral-granada\/#organization"},"potentialAction":[{"@type":"SearchAction","target":{"@type":"EntryPoint","urlTemplate":"https:\/\/www.joaquinlois.com\/catedral-granada\/?s={search_term_string}"},"query-input":{"@type":"PropertyValueSpecification","valueRequired":true,"valueName":"search_term_string"}}],"inLanguage":"es"},{"@type":"Organization","@id":"https:\/\/www.joaquinlois.com\/catedral-granada\/#organization","name":"Joaqu\u00edn Lois - Organero","url":"https:\/\/www.joaquinlois.com\/catedral-granada\/","logo":{"@type":"ImageObject","inLanguage":"es","@id":"https:\/\/www.joaquinlois.com\/catedral-granada\/#\/schema\/logo\/image\/","url":"https:\/\/www.joaquinlois.com\/catedral-granada\/wp-content\/uploads\/sites\/3\/2023\/01\/Joaquin-Lois-Organero.jpg","contentUrl":"https:\/\/www.joaquinlois.com\/catedral-granada\/wp-content\/uploads\/sites\/3\/2023\/01\/Joaquin-Lois-Organero.jpg","width":667,"height":667,"caption":"Joaqu\u00edn Lois - Organero"},"image":{"@id":"https:\/\/www.joaquinlois.com\/catedral-granada\/#\/schema\/logo\/image\/"},"sameAs":["https:\/\/www.facebook.com\/joaquinlois"]}]}},"jetpack_sharing_enabled":true,"_links":{"self":[{"href":"https:\/\/www.joaquinlois.com\/catedral-granada\/wp-json\/wp\/v2\/pages\/8","targetHints":{"allow":["GET"]}}],"collection":[{"href":"https:\/\/www.joaquinlois.com\/catedral-granada\/wp-json\/wp\/v2\/pages"}],"about":[{"href":"https:\/\/www.joaquinlois.com\/catedral-granada\/wp-json\/wp\/v2\/types\/page"}],"author":[{"embeddable":true,"href":"https:\/\/www.joaquinlois.com\/catedral-granada\/wp-json\/wp\/v2\/users\/1"}],"replies":[{"embeddable":true,"href":"https:\/\/www.joaquinlois.com\/catedral-granada\/wp-json\/wp\/v2\/comments?post=8"}],"version-history":[{"count":33,"href":"https:\/\/www.joaquinlois.com\/catedral-granada\/wp-json\/wp\/v2\/pages\/8\/revisions"}],"predecessor-version":[{"id":3264,"href":"https:\/\/www.joaquinlois.com\/catedral-granada\/wp-json\/wp\/v2\/pages\/8\/revisions\/3264"}],"wp:featuredmedia":[{"embeddable":true,"href":"https:\/\/www.joaquinlois.com\/catedral-granada\/wp-json\/wp\/v2\/media\/2892"}],"wp:attachment":[{"href":"https:\/\/www.joaquinlois.com\/catedral-granada\/wp-json\/wp\/v2\/media?parent=8"}],"curies":[{"name":"wp","href":"https:\/\/api.w.org\/{rel}","templated":true}]}}