{"id":42,"date":"2018-03-29T16:55:07","date_gmt":"2018-03-29T16:55:07","guid":{"rendered":"https:\/\/www.joaquinlois.com\/organo-catedral-segovia\/?page_id=42"},"modified":"2023-01-30T11:12:06","modified_gmt":"2023-01-30T11:12:06","slug":"tour-virtual","status":"publish","type":"page","link":"https:\/\/www.joaquinlois.com\/catedral-granada\/tour-virtual\/","title":{"rendered":"Tour Virtual"},"content":{"rendered":"<p><iframe loading=\"lazy\" src=\"https:\/\/app.lapentor.com\/sphere\/organo-de-la-epistola-catedral-de-granada\" width=\"100%\" height=\"600px\" frameborder=\"0\" scrolling=\"no\" allowfullscreen=\"allowfullscreen\"><\/iframe><\/p>\n\n\n<p class=\"has-text-align-center\"><a href=\"https:\/\/app.lapentor.com\/sphere\/organo-de-la-epistola-catedral-de-granada\" target=\"_blank\" rel=\"noreferrer noopener\">Vista Tour virtual (Pantalla completa)<\/a><\/p>\n","protected":false},"excerpt":{"rendered":"<p>Vista Tour virtual (Pantalla completa)<\/p>\n","protected":false},"author":1,"featured_media":1066,"parent":0,"menu_order":0,"comment_status":"closed","ping_status":"closed","template":"","meta":{"_acf_changed":false,"footnotes":""},"class_list":["post-42","page","type-page","status-publish","has-post-thumbnail","hentry"],"acf":[],"yoast_head":"<!-- This site is optimized with the Yoast SEO plugin v27.3 - https:\/\/yoast.com\/product\/yoast-seo-wordpress\/ -->\n<title>Tour Virtual (VR) | \u00d3rgano de la Ep\u00edstola de la Catedral de Granada<\/title>\n<meta name=\"description\" content=\"Conoce el \u00f3rgano de la ep\u00edstola de la catedral de Granada desde dentro durante el proceso de restauraci\u00f3n - Taller de organer\u00eda Joaqu\u00edn Lois\" \/>\n<meta name=\"robots\" content=\"index, follow, max-snippet:-1, max-image-preview:large, max-video-preview:-1\" \/>\n<link rel=\"canonical\" href=\"https:\/\/www.joaquinlois.com\/catedral-granada\/tour-virtual\/\" \/>\n<meta property=\"og:locale\" content=\"es_ES\" \/>\n<meta property=\"og:type\" content=\"article\" \/>\n<meta property=\"og:title\" content=\"Tour Virtual (VR) | \u00d3rgano de la ep\u00edstola de la Catedral de Granada\" \/>\n<meta property=\"og:description\" content=\"Conoce el \u00f3rgano de la ep\u00edstola de la catedral de Granada desde dentro durante el proceso de restauraci\u00f3n del taller de organer\u00eda Joaqu\u00edn Lois\" \/>\n<meta property=\"og:url\" content=\"https:\/\/www.joaquinlois.com\/catedral-granada\/tour-virtual\/\" \/>\n<meta property=\"og:site_name\" content=\"\u00d3rgano de la ep\u00edstola de la Catedral de Granada\" \/>\n<meta property=\"article:publisher\" content=\"https:\/\/www.facebook.com\/joaquinlois\" \/>\n<meta property=\"article:modified_time\" content=\"2023-01-30T11:12:06+00:00\" \/>\n<meta property=\"og:image\" content=\"https:\/\/www.joaquinlois.com\/catedral-granada\/wp-content\/uploads\/sites\/3\/2022\/04\/tour_virtual_organo_granada.jpg\" \/>\n\t<meta property=\"og:image:width\" content=\"1300\" \/>\n\t<meta property=\"og:image:height\" content=\"432\" \/>\n\t<meta property=\"og:image:type\" content=\"image\/jpeg\" \/>\n<meta name=\"twitter:card\" content=\"summary_large_image\" \/>\n<meta name=\"twitter:label1\" content=\"Tiempo de lectura\" \/>\n\t<meta name=\"twitter:data1\" content=\"1 minuto\" \/>\n<script type=\"application\/ld+json\" class=\"yoast-schema-graph\">{\"@context\":\"https:\\\/\\\/schema.org\",\"@graph\":[{\"@type\":\"WebPage\",\"@id\":\"https:\\\/\\\/www.joaquinlois.com\\\/catedral-granada\\\/tour-virtual\\\/\",\"url\":\"https:\\\/\\\/www.joaquinlois.com\\\/catedral-granada\\\/tour-virtual\\\/\",\"name\":\"Tour Virtual (VR) | \u00d3rgano de la Ep\u00edstola de la Catedral de Granada\",\"isPartOf\":{\"@id\":\"https:\\\/\\\/www.joaquinlois.com\\\/catedral-granada\\\/#website\"},\"primaryImageOfPage\":{\"@id\":\"https:\\\/\\\/www.joaquinlois.com\\\/catedral-granada\\\/tour-virtual\\\/#primaryimage\"},\"image\":{\"@id\":\"https:\\\/\\\/www.joaquinlois.com\\\/catedral-granada\\\/tour-virtual\\\/#primaryimage\"},\"thumbnailUrl\":\"https:\\\/\\\/www.joaquinlois.com\\\/catedral-granada\\\/wp-content\\\/uploads\\\/sites\\\/3\\\/2022\\\/04\\\/tour_virtual_organo_granada.jpg\",\"datePublished\":\"2018-03-29T16:55:07+00:00\",\"dateModified\":\"2023-01-30T11:12:06+00:00\",\"description\":\"Conoce el \u00f3rgano de la ep\u00edstola de la catedral de Granada desde dentro durante el proceso de restauraci\u00f3n - Taller de organer\u00eda Joaqu\u00edn Lois\",\"inLanguage\":\"es\",\"potentialAction\":[{\"@type\":\"ReadAction\",\"target\":[\"https:\\\/\\\/www.joaquinlois.com\\\/catedral-granada\\\/tour-virtual\\\/\"]}]},{\"@type\":\"ImageObject\",\"inLanguage\":\"es\",\"@id\":\"https:\\\/\\\/www.joaquinlois.com\\\/catedral-granada\\\/tour-virtual\\\/#primaryimage\",\"url\":\"https:\\\/\\\/www.joaquinlois.com\\\/catedral-granada\\\/wp-content\\\/uploads\\\/sites\\\/3\\\/2022\\\/04\\\/tour_virtual_organo_granada.jpg\",\"contentUrl\":\"https:\\\/\\\/www.joaquinlois.com\\\/catedral-granada\\\/wp-content\\\/uploads\\\/sites\\\/3\\\/2022\\\/04\\\/tour_virtual_organo_granada.jpg\",\"width\":1300,\"height\":432},{\"@type\":\"WebSite\",\"@id\":\"https:\\\/\\\/www.joaquinlois.com\\\/catedral-granada\\\/#website\",\"url\":\"https:\\\/\\\/www.joaquinlois.com\\\/catedral-granada\\\/\",\"name\":\"\u00d3tgano de la ep\u00edstola de la catedral de Granada\",\"description\":\"Restauraci\u00f3n en curso por el taller de organer\u00eca de Joaqu\u00edn Lois\",\"publisher\":{\"@id\":\"https:\\\/\\\/www.joaquinlois.com\\\/catedral-granada\\\/#organization\"},\"potentialAction\":[{\"@type\":\"SearchAction\",\"target\":{\"@type\":\"EntryPoint\",\"urlTemplate\":\"https:\\\/\\\/www.joaquinlois.com\\\/catedral-granada\\\/?s={search_term_string}\"},\"query-input\":{\"@type\":\"PropertyValueSpecification\",\"valueRequired\":true,\"valueName\":\"search_term_string\"}}],\"inLanguage\":\"es\"},{\"@type\":\"Organization\",\"@id\":\"https:\\\/\\\/www.joaquinlois.com\\\/catedral-granada\\\/#organization\",\"name\":\"Joaqu\u00edn Lois - Organero\",\"url\":\"https:\\\/\\\/www.joaquinlois.com\\\/catedral-granada\\\/\",\"logo\":{\"@type\":\"ImageObject\",\"inLanguage\":\"es\",\"@id\":\"https:\\\/\\\/www.joaquinlois.com\\\/catedral-granada\\\/#\\\/schema\\\/logo\\\/image\\\/\",\"url\":\"https:\\\/\\\/www.joaquinlois.com\\\/catedral-granada\\\/wp-content\\\/uploads\\\/sites\\\/3\\\/2023\\\/01\\\/Joaquin-Lois-Organero.jpg\",\"contentUrl\":\"https:\\\/\\\/www.joaquinlois.com\\\/catedral-granada\\\/wp-content\\\/uploads\\\/sites\\\/3\\\/2023\\\/01\\\/Joaquin-Lois-Organero.jpg\",\"width\":667,\"height\":667,\"caption\":\"Joaqu\u00edn Lois - Organero\"},\"image\":{\"@id\":\"https:\\\/\\\/www.joaquinlois.com\\\/catedral-granada\\\/#\\\/schema\\\/logo\\\/image\\\/\"},\"sameAs\":[\"https:\\\/\\\/www.facebook.com\\\/joaquinlois\"]}]}<\/script>\n<!-- \/ Yoast SEO plugin. -->","yoast_head_json":{"title":"Tour Virtual (VR) | \u00d3rgano de la Ep\u00edstola de la Catedral de Granada","description":"Conoce el \u00f3rgano de la ep\u00edstola de la catedral de Granada desde dentro durante el proceso de restauraci\u00f3n - Taller de organer\u00eda Joaqu\u00edn Lois","robots":{"index":"index","follow":"follow","max-snippet":"max-snippet:-1","max-image-preview":"max-image-preview:large","max-video-preview":"max-video-preview:-1"},"canonical":"https:\/\/www.joaquinlois.com\/catedral-granada\/tour-virtual\/","og_locale":"es_ES","og_type":"article","og_title":"Tour Virtual (VR) | \u00d3rgano de la ep\u00edstola de la Catedral de Granada","og_description":"Conoce el \u00f3rgano de la ep\u00edstola de la catedral de Granada desde dentro durante el proceso de restauraci\u00f3n del taller de organer\u00eda Joaqu\u00edn Lois","og_url":"https:\/\/www.joaquinlois.com\/catedral-granada\/tour-virtual\/","og_site_name":"\u00d3rgano de la ep\u00edstola de la Catedral de Granada","article_publisher":"https:\/\/www.facebook.com\/joaquinlois","article_modified_time":"2023-01-30T11:12:06+00:00","og_image":[{"width":1300,"height":432,"url":"https:\/\/www.joaquinlois.com\/catedral-granada\/wp-content\/uploads\/sites\/3\/2022\/04\/tour_virtual_organo_granada.jpg","type":"image\/jpeg"}],"twitter_card":"summary_large_image","twitter_misc":{"Tiempo de lectura":"1 minuto"},"schema":{"@context":"https:\/\/schema.org","@graph":[{"@type":"WebPage","@id":"https:\/\/www.joaquinlois.com\/catedral-granada\/tour-virtual\/","url":"https:\/\/www.joaquinlois.com\/catedral-granada\/tour-virtual\/","name":"Tour Virtual (VR) | \u00d3rgano de la Ep\u00edstola de la Catedral de Granada","isPartOf":{"@id":"https:\/\/www.joaquinlois.com\/catedral-granada\/#website"},"primaryImageOfPage":{"@id":"https:\/\/www.joaquinlois.com\/catedral-granada\/tour-virtual\/#primaryimage"},"image":{"@id":"https:\/\/www.joaquinlois.com\/catedral-granada\/tour-virtual\/#primaryimage"},"thumbnailUrl":"https:\/\/www.joaquinlois.com\/catedral-granada\/wp-content\/uploads\/sites\/3\/2022\/04\/tour_virtual_organo_granada.jpg","datePublished":"2018-03-29T16:55:07+00:00","dateModified":"2023-01-30T11:12:06+00:00","description":"Conoce el \u00f3rgano de la ep\u00edstola de la catedral de Granada desde dentro durante el proceso de restauraci\u00f3n - Taller de organer\u00eda Joaqu\u00edn Lois","inLanguage":"es","potentialAction":[{"@type":"ReadAction","target":["https:\/\/www.joaquinlois.com\/catedral-granada\/tour-virtual\/"]}]},{"@type":"ImageObject","inLanguage":"es","@id":"https:\/\/www.joaquinlois.com\/catedral-granada\/tour-virtual\/#primaryimage","url":"https:\/\/www.joaquinlois.com\/catedral-granada\/wp-content\/uploads\/sites\/3\/2022\/04\/tour_virtual_organo_granada.jpg","contentUrl":"https:\/\/www.joaquinlois.com\/catedral-granada\/wp-content\/uploads\/sites\/3\/2022\/04\/tour_virtual_organo_granada.jpg","width":1300,"height":432},{"@type":"WebSite","@id":"https:\/\/www.joaquinlois.com\/catedral-granada\/#website","url":"https:\/\/www.joaquinlois.com\/catedral-granada\/","name":"\u00d3tgano de la ep\u00edstola de la catedral de Granada","description":"Restauraci\u00f3n en curso por el taller de organer\u00eca de Joaqu\u00edn Lois","publisher":{"@id":"https:\/\/www.joaquinlois.com\/catedral-granada\/#organization"},"potentialAction":[{"@type":"SearchAction","target":{"@type":"EntryPoint","urlTemplate":"https:\/\/www.joaquinlois.com\/catedral-granada\/?s={search_term_string}"},"query-input":{"@type":"PropertyValueSpecification","valueRequired":true,"valueName":"search_term_string"}}],"inLanguage":"es"},{"@type":"Organization","@id":"https:\/\/www.joaquinlois.com\/catedral-granada\/#organization","name":"Joaqu\u00edn Lois - Organero","url":"https:\/\/www.joaquinlois.com\/catedral-granada\/","logo":{"@type":"ImageObject","inLanguage":"es","@id":"https:\/\/www.joaquinlois.com\/catedral-granada\/#\/schema\/logo\/image\/","url":"https:\/\/www.joaquinlois.com\/catedral-granada\/wp-content\/uploads\/sites\/3\/2023\/01\/Joaquin-Lois-Organero.jpg","contentUrl":"https:\/\/www.joaquinlois.com\/catedral-granada\/wp-content\/uploads\/sites\/3\/2023\/01\/Joaquin-Lois-Organero.jpg","width":667,"height":667,"caption":"Joaqu\u00edn Lois - Organero"},"image":{"@id":"https:\/\/www.joaquinlois.com\/catedral-granada\/#\/schema\/logo\/image\/"},"sameAs":["https:\/\/www.facebook.com\/joaquinlois"]}]}},"jetpack_sharing_enabled":true,"_links":{"self":[{"href":"https:\/\/www.joaquinlois.com\/catedral-granada\/wp-json\/wp\/v2\/pages\/42","targetHints":{"allow":["GET"]}}],"collection":[{"href":"https:\/\/www.joaquinlois.com\/catedral-granada\/wp-json\/wp\/v2\/pages"}],"about":[{"href":"https:\/\/www.joaquinlois.com\/catedral-granada\/wp-json\/wp\/v2\/types\/page"}],"author":[{"embeddable":true,"href":"https:\/\/www.joaquinlois.com\/catedral-granada\/wp-json\/wp\/v2\/users\/1"}],"replies":[{"embeddable":true,"href":"https:\/\/www.joaquinlois.com\/catedral-granada\/wp-json\/wp\/v2\/comments?post=42"}],"version-history":[{"count":4,"href":"https:\/\/www.joaquinlois.com\/catedral-granada\/wp-json\/wp\/v2\/pages\/42\/revisions"}],"predecessor-version":[{"id":3075,"href":"https:\/\/www.joaquinlois.com\/catedral-granada\/wp-json\/wp\/v2\/pages\/42\/revisions\/3075"}],"wp:featuredmedia":[{"embeddable":true,"href":"https:\/\/www.joaquinlois.com\/catedral-granada\/wp-json\/wp\/v2\/media\/1066"}],"wp:attachment":[{"href":"https:\/\/www.joaquinlois.com\/catedral-granada\/wp-json\/wp\/v2\/media?parent=42"}],"curies":[{"name":"wp","href":"https:\/\/api.w.org\/{rel}","templated":true}]}}